{"id":76,"date":"2018-01-03T00:39:54","date_gmt":"2018-01-02T23:39:54","guid":{"rendered":"http:\/\/jamesserre.com\/?page_id=76"},"modified":"2018-12-19T22:56:42","modified_gmt":"2018-12-19T21:56:42","slug":"ensemble-lale","status":"publish","type":"page","link":"http:\/\/jamesserre.com\/index.php\/ensemble-lale\/","title":{"rendered":"Ensemble Lal\u00e9"},"content":{"rendered":"<p>Suite \u00e0 une initiation aux traditions musicales savantes de l\u2019Empire ottoman aupr\u00e8s des grands ma\u00eetres stambouliotes et de longues ann\u00e9es d\u2019\u00e9tude et de recherches, James Serre cr\u00e9e l\u2019Ensemble Lal\u00e9 qui perp\u00e9tue un riche r\u00e9pertoire de musiques historiques vocales et instrumentales.<\/p>\n<p>L\u2019Ensemble joue de nombreuses pi\u00e8ces \u00e9crites entre le XVe et le XIXe si\u00e8cle par les plus grands compositeurs ottomans, d\u2019Abd\u00fcl Kadir Merag\u00ee \u00e0 Tanburi Cemil Bey.<\/p>\n<p class=\"responsive-video-wrap clr\"><iframe width=\"1200\" height=\"675\" src=\"https:\/\/www.youtube.com\/embed\/xEunjU6jEvU?feature=oembed\" frameborder=\"0\" allow=\"accelerometer; autoplay; encrypted-media; gyroscope; picture-in-picture\" allowfullscreen><\/iframe><\/p>\n<p class=\"responsive-video-wrap clr\"><iframe width=\"1200\" height=\"675\" src=\"https:\/\/www.youtube.com\/embed\/MA6u4d0Kpvw?feature=oembed\" frameborder=\"0\" allow=\"accelerometer; autoplay; encrypted-media; gyroscope; picture-in-picture\" allowfullscreen><\/iframe><\/p>\n<p class=\"responsive-video-wrap clr\"><iframe width=\"1200\" height=\"675\" src=\"https:\/\/www.youtube.com\/embed\/A55aaLEgVxw?feature=oembed\" frameborder=\"0\" allow=\"accelerometer; autoplay; encrypted-media; gyroscope; picture-in-picture\" allowfullscreen><\/iframe><\/p>\n<h3>James Serre, Direction artistique \u2013 Ney<\/h3>\n<p>Passionn\u00e9 par les voyages et les sonorit\u00e9s de l\u2019Orient, c\u2019est \u00e0 Istanbul que James Serre re\u00e7oit une r\u00e9elle initiation instrumentale et spirituelle.<br \/>\nIl y fr\u00e9quente assid\u00fbment le <em>me\u015fkhane<\/em> du ma\u00eetre de ney et de chant, Haf\u00eez Ahmed \u015eahin, et s\u2019initie \u00e0 la musique ottomane aupr\u00e8s des grands ma\u00eetres stambouliotes tels que, Neyzen H\u00fcseyin Ozk\u0131l\u0131\u00e7, Tanb\u00fbri Murat Aydemir, Ud\u00ee Necati \u00c7elik, Rab\u00e2b\u00ee Mehmet Refik Kaya.<br \/>\nIl dirige aujourd\u2019hui l\u2019Ensemble Lal\u00e9 et enseigne son art \u00e0 Paris.<\/p>\n<h3>Gilles Andrieux, Tanb\u00fbr<\/h3>\n<p>D\u00e8s 1975, Gilles Andrieux commence l\u2019apprentissage du saz sous la direction de Talip Ozkan et \u00e9tudie la musique des confr\u00e9ries soufies d\u2019Istanbul aupr\u00e8s de Kudsi Erguner.<br \/>\nAujourd\u2019hui, avec ses instruments d\u2019Anatolie, il cr\u00e9e des musiques pour le th\u00e9\u00e2tre ou la danse et \u00e9crit aussi des chansons pour diff\u00e9rents interpr\u00e8tes.<\/p>\n<h3>Arash Moh\u00e2fez, Sant\u00fbr<\/h3>\n<p>Docteur en ethnomusicologie d\u2019origine iranienne, Arash Moh\u00e2fez est un joueur de Sant\u00fbr (cithare persane jou\u00e9e avec des baguettes) et un sp\u00e9cialiste de la musique traditionnelle persane. Depuis 2011, il est membre du comit\u00e9 scientifique du Mahoor Music Quaterly en Iran. Il est aussi le fondateur de l\u2019Ensemble N\u00e9o-classique de T\u00e9h\u00e9ran, avec lequel il rassemble d\u2019excellents musiciens iraniens et donne des concerts et des conf\u00e9rences en France et \u00e0 l\u2019\u00e9tranger.<\/p>\n<h3>Jean-Yves Roucan, Percussions (ancien membre)<\/h3>\n<p>Apr\u00e8s une formation musicale en France et aux \u00c9tats-Unis de jazz et de percussions orientales aupr\u00e8s des ma\u00eetres Amar Chaoui et Adel Shams El din. Jean-Yves Roucan m\u00e8ne aujourd&#8217;hui une carri\u00e8re de musicien de jazz et de compositeur\/percussionniste (darbouka, riqq et daff).<\/p>\n<h3>Emine Bostanci, Kemen\u00e7e (ancien membre)<\/h3>\n<p>N\u00e9e \u00e0 Istanbul, Emine Bostanci a \u00e9tudi\u00e9 le kemen\u00e7e avec Derya Turkan, Mahinur \u00d6z\u00fcst\u00fcn et Asl\u0131han \u00d6zel.<br \/>\nElle a \u00e9galement re\u00e7u une formation aupr\u00e8s des grands ma\u00eetres Ihsan \u00d6zgen, Neva \u00d6zgen et Furkan Bilgi et a \u00e9tudi\u00e9 la th\u00e9orie du syst\u00e8me musical modal de la musique savante ottomane avec Ruhi Ayangil, Fikret Karakaya et \u00d6zer \u00d6zel ainsi que la musique religieuse (Mevlevi Ayini, Durak, Ilahi etc.) avec Ruhi Ayangil.<br \/>\nArtiste jeune et prolifique, elle a assist\u00e9 \u00e0 diverses sortes de projets, concerts, <em>masterclasses<\/em> et ateliers en Turquie et \u00e0 l\u2019\u00e9tranger. Actuellement, elle fait un Master \u00e0 Codarts, University for the Arts de Rotterdam.<\/p>\n<a href=\"http:\/\/jamesserre.com\/wp-content\/uploads\/2018\/10\/Dossier-de-presse-Lal\u00e9-site-sans-fiche-technique.pdf\" class=\"pdfemb-viewer\" style=\"width:425px;height:600px;\" data-width=\"425\" data-height=\"600\" data-toolbar=\"bottom\" data-toolbar-fixed=\"off\">Dossier de presse Lal\u00e9 - site (sans fiche technique)<\/a>\n<p style=\"text-align: left;\"><a href=\"http:\/\/jamesserre.com\/wp-content\/uploads\/2018\/10\/Dossier-de-presse-Lal\u00e9-site-sans-fiche-technique.pdf\" target=\"_blank\" rel=\"noopener\">T\u00e9l\u00e9charger le dossier de presse 2018 Ensemble Lal\u00e9<\/a><\/p>\n<p>&nbsp;<\/p>\n<p>&nbsp;<\/p>\n<p style=\"text-align: left;\">\n","protected":false},"excerpt":{"rendered":"<p>Suite \u00e0 une initiation aux traditions musicales savantes de l\u2019Empire ottoman aupr\u00e8s des grands ma\u00eetres stambouliotes et de longues ann\u00e9es d\u2019\u00e9tude et de recherches, James Serre cr\u00e9e l\u2019Ensemble Lal\u00e9 qui perp\u00e9tue un riche r\u00e9pertoire de musiques historiques vocales et instrumentales. L\u2019Ensemble joue de nombreuses pi\u00e8ces \u00e9crites entre le XVe et le XIXe si\u00e8cle par les [&hellip;]<\/p>\n","protected":false},"author":1,"featured_media":0,"parent":0,"menu_order":0,"comment_status":"closed","ping_status":"closed","template":"","meta":{"_exactmetrics_skip_tracking":false,"_exactmetrics_sitenote_active":false,"_exactmetrics_sitenote_note":"","_exactmetrics_sitenote_category":0,"ocean_post_layout":"","ocean_both_sidebars_style":"","ocean_both_sidebars_content_width":0,"ocean_both_sidebars_sidebars_width":0,"ocean_sidebar":"0","ocean_second_sidebar":"0","ocean_disable_margins":"enable","ocean_add_body_class":"","ocean_shortcode_before_top_bar":"","ocean_shortcode_after_top_bar":"","ocean_shortcode_before_header":"","ocean_shortcode_after_header":"","ocean_has_shortcode":"","ocean_shortcode_after_title":"","ocean_shortcode_before_footer_widgets":"","ocean_shortcode_after_footer_widgets":"","ocean_shortcode_before_footer_bottom":"","ocean_shortcode_after_footer_bottom":"","ocean_display_top_bar":"default","ocean_display_header":"default","ocean_header_style":"","ocean_center_header_left_menu":"0","ocean_custom_header_template":"0","ocean_custom_logo":0,"ocean_custom_retina_logo":0,"ocean_custom_logo_max_width":0,"ocean_custom_logo_tablet_max_width":0,"ocean_custom_logo_mobile_max_width":0,"ocean_custom_logo_max_height":0,"ocean_custom_logo_tablet_max_height":0,"ocean_custom_logo_mobile_max_height":0,"ocean_header_custom_menu":"0","ocean_menu_typo_font_family":"0","ocean_menu_typo_font_subset":"","ocean_menu_typo_font_size":0,"ocean_menu_typo_font_size_tablet":0,"ocean_menu_typo_font_size_mobile":0,"ocean_menu_typo_font_size_unit":"px","ocean_menu_typo_font_weight":"","ocean_menu_typo_font_weight_tablet":"","ocean_menu_typo_font_weight_mobile":"","ocean_menu_typo_transform":"","ocean_menu_typo_transform_tablet":"","ocean_menu_typo_transform_mobile":"","ocean_menu_typo_line_height":0,"ocean_menu_typo_line_height_tablet":0,"ocean_menu_typo_line_height_mobile":0,"ocean_menu_typo_line_height_unit":"","ocean_menu_typo_spacing":0,"ocean_menu_typo_spacing_tablet":0,"ocean_menu_typo_spacing_mobile":0,"ocean_menu_typo_spacing_unit":"","ocean_menu_link_color":"","ocean_menu_link_color_hover":"","ocean_menu_link_color_active":"","ocean_menu_link_background":"","ocean_menu_link_hover_background":"","ocean_menu_link_active_background":"","ocean_menu_social_links_bg":"","ocean_menu_social_hover_links_bg":"","ocean_menu_social_links_color":"","ocean_menu_social_hover_links_color":"","ocean_disable_title":"default","ocean_disable_heading":"default","ocean_post_title":"","ocean_post_subheading":"","ocean_post_title_style":"","ocean_post_title_background_color":"","ocean_post_title_background":0,"ocean_post_title_bg_image_position":"","ocean_post_title_bg_image_attachment":"","ocean_post_title_bg_image_repeat":"","ocean_post_title_bg_image_size":"","ocean_post_title_height":0,"ocean_post_title_bg_overlay":0.5,"ocean_post_title_bg_overlay_color":"","ocean_disable_breadcrumbs":"default","ocean_breadcrumbs_color":"","ocean_breadcrumbs_separator_color":"","ocean_breadcrumbs_links_color":"","ocean_breadcrumbs_links_hover_color":"","ocean_display_footer_widgets":"default","ocean_display_footer_bottom":"default","ocean_custom_footer_template":"0","footnotes":""},"class_list":["post-76","page","type-page","status-publish","hentry","entry"],"_links":{"self":[{"href":"http:\/\/jamesserre.com\/index.php\/wp-json\/wp\/v2\/pages\/76","targetHints":{"allow":["GET"]}}],"collection":[{"href":"http:\/\/jamesserre.com\/index.php\/wp-json\/wp\/v2\/pages"}],"about":[{"href":"http:\/\/jamesserre.com\/index.php\/wp-json\/wp\/v2\/types\/page"}],"author":[{"embeddable":true,"href":"http:\/\/jamesserre.com\/index.php\/wp-json\/wp\/v2\/users\/1"}],"replies":[{"embeddable":true,"href":"http:\/\/jamesserre.com\/index.php\/wp-json\/wp\/v2\/comments?post=76"}],"version-history":[{"count":47,"href":"http:\/\/jamesserre.com\/index.php\/wp-json\/wp\/v2\/pages\/76\/revisions"}],"predecessor-version":[{"id":836,"href":"http:\/\/jamesserre.com\/index.php\/wp-json\/wp\/v2\/pages\/76\/revisions\/836"}],"wp:attachment":[{"href":"http:\/\/jamesserre.com\/index.php\/wp-json\/wp\/v2\/media?parent=76"}],"curies":[{"name":"wp","href":"https:\/\/api.w.org\/{rel}","templated":true}]}}