{"id":534,"date":"2018-06-18T13:21:08","date_gmt":"2018-06-18T11:21:08","guid":{"rendered":"http:\/\/jamesserre.com\/?page_id=534"},"modified":"2018-09-21T10:21:34","modified_gmt":"2018-09-21T08:21:34","slug":"audio","status":"publish","type":"page","link":"http:\/\/jamesserre.com\/index.php\/audio\/","title":{"rendered":"Audio &#038; CDs"},"content":{"rendered":"<p><img fetchpriority=\"high\" decoding=\"async\" src=\"http:\/\/jamesserre.com\/wp-content\/uploads\/2018\/06\/pochette-1024x1024.jpg\" sizes=\"(max-width: 1024px) 100vw, 1024px\" srcset=\"http:\/\/jamesserre.com\/wp-content\/uploads\/2018\/06\/pochette-1024x1024.jpg 1024w, http:\/\/jamesserre.com\/wp-content\/uploads\/2018\/06\/pochette-150x150.jpg 150w, http:\/\/jamesserre.com\/wp-content\/uploads\/2018\/06\/pochette-300x300.jpg 300w, http:\/\/jamesserre.com\/wp-content\/uploads\/2018\/06\/pochette-768x768.jpg 768w, http:\/\/jamesserre.com\/wp-content\/uploads\/2018\/06\/pochette.jpg 1417w\" alt=\"\" width=\"1024\" height=\"1024\" \/><\/p>\n<h2>Dj\u00e2n<\/h2>\n<p>1. Hicaz-H\u00fcm\u00e2y\u00fbn Pe\u015frev (Veli Dede)<br \/>\n2. Sult\u00e2n\u00ee-Yeg\u00e2h Saz Sem\u00e2\u00ee (Ned\u00eem A\u011fa)<br \/>\n3. \u015eehn\u00e2z Pe\u015frev\u00a0 (Ali A\u011fa)<br \/>\n4. Ferah-Fez\u00e2 Taksim<br \/>\n5. Ferah-Fez\u00e2 Saz Sem\u00e2\u00ee\u00a0 (\u015eerif Muhiddin Targan)<br \/>\n6. Pesend\u00eede Pe\u015frev (Selim III)<br \/>\n7. Pesend\u00eede Saz Sem\u00e2\u00ee (Selim III)<br \/>\n8. Bey\u00e2t\u00ee Pe\u015frev (Seyfeddin Efendi)<br \/>\n9. U\u015f\u015fak Saz Sem\u00e2\u00ee (S\u00e2lih Dede)<br \/>\n10. Seg\u00e2h Taksim<\/p>\n<p><em>(Ney, James Serre &#8211; Tanb\u00fbr, Ar\u00e2sh Moh\u00e2fez &#8211; Violon, Ruben Tenenbaum &#8211; Percussions, James Serre, Christophe Souron &amp; Ziya Tabassian)<\/em><\/p>\n<div class=\"wp-playlist wp-audio-playlist wp-playlist-light\">\n\t\t\t<div class=\"wp-playlist-current-item\"><\/div>\n\t\t<audio controls=\"controls\" preload=\"none\" width=\"1178\"\n\t\t\t><\/audio>\n\t<div class=\"wp-playlist-next\"><\/div>\n\t<div class=\"wp-playlist-prev\"><\/div>\n\t<noscript>\n\t<ol>\n\t\t<li><a href='http:\/\/jamesserre.com\/wp-content\/uploads\/2018\/09\/Hicaz\u2013H\u00fcm\u00e2y\u00fbn-Pesrev-extrait.mp3'>Hicaz\u2013H\u00fcm\u00e2y\u00fbn Pe\u015frev (extrait)<\/a><\/li><li><a href='http:\/\/jamesserre.com\/wp-content\/uploads\/2018\/06\/Sult\u00e2n\u00ee-Yeg\u00e2h-Saz-Sem\u00e2\u00ee-Ned\u00eem-A\u011fa-extrait-1.mp3'>Sult\u00e2n\u00ee-Yeg\u00e2h Saz Sem\u00e2\u00ee - Ned\u00eem A\u011fa (extrait)<\/a><\/li><li><a href='http:\/\/jamesserre.com\/wp-content\/uploads\/2018\/06\/Ferah-Fez\u00e2-Taksim-extrait-1.mp3'>Ferah-Fez\u00e2 Taksim (extrait)<\/a><\/li><li><a href='http:\/\/jamesserre.com\/wp-content\/uploads\/2018\/06\/Ferah-Fez\u00e2-Saz-Sem\u00e2\u00ee-\u015eerif-Muhiddin-Targan-extrait-1.mp3'>Ferah-Fez\u00e2 Saz Sem\u00e2\u00ee - \u015eerif Muhiddin Targan (extrait)<\/a><\/li><li><a href='http:\/\/jamesserre.com\/wp-content\/uploads\/2018\/06\/Bey\u00e2t\u00ee-Pe\u015frev-Seyfeddin-Efendi-extrait-1.mp3'>Bey\u00e2t\u00ee Pe\u015frev - Seyfeddin Efendi (extrait)<\/a><\/li><li><a href='http:\/\/jamesserre.com\/wp-content\/uploads\/2018\/06\/U\u015f\u015fak-Saz-Sem\u00e2\u00ee-S\u00e2lih-Dede-extrait-1.mp3'>U\u015f\u015fak Saz Sem\u00e2\u00ee - S\u00e2lih Dede (extrait)<\/a><\/li><li><a href='http:\/\/jamesserre.com\/wp-content\/uploads\/2018\/06\/Seg\u00e2h-Taksim-extrait-1.mp3'>Seg\u00e2h Taksim (extrait)<\/a><\/li>\t<\/ol>\n\t<\/noscript>\n\t<script type=\"application\/json\" class=\"wp-playlist-script\">{\"type\":\"audio\",\"tracklist\":true,\"tracknumbers\":true,\"images\":true,\"artists\":false,\"tracks\":[{\"src\":\"http:\/\/jamesserre.com\/wp-content\/uploads\/2018\/09\/Hicaz\\u2013H\\u00fcm\\u00e2y\\u00fbn-Pesrev-extrait.mp3\",\"type\":\"audio\/mpeg\",\"title\":\"Hicaz\\u2013H\\u00fcm\\u00e2y\\u00fbn Pe\\u015frev (extrait)\",\"caption\":\"\",\"description\":\"\\\"Hic\\u00e2z\\u2013H\\u00fcm\\u00e2y\\u00fbn Pe\\u015frev \\\" from Dj\\u00e2n by James Serre. Genre: Blues.\",\"meta\":{\"artist\":\"James Serre\",\"album\":\"Dj\\u00e2n\",\"genre\":\"Blues\",\"length_formatted\":\"1:07\"},\"image\":{\"src\":\"http:\/\/jamesserre.com\/wp-content\/uploads\/2018\/06\/2-Sult\\u00e2n\\u00ee-Yeg\\u00e2h-Saz-Sem\\u00e2\\u00ee-Ned\\u00eem-A\\u011fa-extrait-mp3-image.jpg\",\"width\":1417,\"height\":1417},\"thumb\":{\"src\":\"http:\/\/jamesserre.com\/wp-content\/uploads\/2018\/06\/2-Sult\\u00e2n\\u00ee-Yeg\\u00e2h-Saz-Sem\\u00e2\\u00ee-Ned\\u00eem-A\\u011fa-extrait-mp3-image-150x150.jpg\",\"width\":150,\"height\":150}},{\"src\":\"http:\/\/jamesserre.com\/wp-content\/uploads\/2018\/06\/Sult\\u00e2n\\u00ee-Yeg\\u00e2h-Saz-Sem\\u00e2\\u00ee-Ned\\u00eem-A\\u011fa-extrait-1.mp3\",\"type\":\"audio\/mpeg\",\"title\":\"Sult\\u00e2n\\u00ee-Yeg\\u00e2h Saz Sem\\u00e2\\u00ee - Ned\\u00eem A\\u011fa (extrait)\",\"caption\":\"\",\"description\":\"\\\"Sult\\u00e2n\\u00ee-Yeg\\u00e2h Saz Sem\\u00e2\\u00ee - Ned\\u00eem A\\u011fa (extrait)\\\" from Dj\\u00e2n by James Serre. Released: 2014. Track 6 of 12. Genre: World.\",\"meta\":{\"artist\":\"James Serre\",\"album\":\"Dj\\u00e2n\",\"genre\":\"World\",\"year\":\"2014\",\"length_formatted\":\"0:31\"},\"image\":{\"src\":\"http:\/\/jamesserre.com\/wp-content\/uploads\/2018\/06\/2-Sult\\u00e2n\\u00ee-Yeg\\u00e2h-Saz-Sem\\u00e2\\u00ee-Ned\\u00eem-A\\u011fa-extrait-mp3-image.jpg\",\"width\":1417,\"height\":1417},\"thumb\":{\"src\":\"http:\/\/jamesserre.com\/wp-content\/uploads\/2018\/06\/2-Sult\\u00e2n\\u00ee-Yeg\\u00e2h-Saz-Sem\\u00e2\\u00ee-Ned\\u00eem-A\\u011fa-extrait-mp3-image-150x150.jpg\",\"width\":150,\"height\":150}},{\"src\":\"http:\/\/jamesserre.com\/wp-content\/uploads\/2018\/06\/Ferah-Fez\\u00e2-Taksim-extrait-1.mp3\",\"type\":\"audio\/mpeg\",\"title\":\"Ferah-Fez\\u00e2 Taksim (extrait)\",\"caption\":\"\",\"description\":\"\\\"Ferah-Fez\\u00e2 Taksim (extrait)\\\" from Dj\\u00e2n by James Serre. Released: 2014. Genre: World.\",\"meta\":{\"artist\":\"James Serre\",\"album\":\"Dj\\u00e2n\",\"genre\":\"World\",\"year\":\"2014\",\"length_formatted\":\"0:32\"},\"image\":{\"src\":\"http:\/\/jamesserre.com\/wp-content\/uploads\/2018\/06\/2-Sult\\u00e2n\\u00ee-Yeg\\u00e2h-Saz-Sem\\u00e2\\u00ee-Ned\\u00eem-A\\u011fa-extrait-mp3-image.jpg\",\"width\":1417,\"height\":1417},\"thumb\":{\"src\":\"http:\/\/jamesserre.com\/wp-content\/uploads\/2018\/06\/2-Sult\\u00e2n\\u00ee-Yeg\\u00e2h-Saz-Sem\\u00e2\\u00ee-Ned\\u00eem-A\\u011fa-extrait-mp3-image-150x150.jpg\",\"width\":150,\"height\":150}},{\"src\":\"http:\/\/jamesserre.com\/wp-content\/uploads\/2018\/06\/Ferah-Fez\\u00e2-Saz-Sem\\u00e2\\u00ee-\\u015eerif-Muhiddin-Targan-extrait-1.mp3\",\"type\":\"audio\/mpeg\",\"title\":\"Ferah-Fez\\u00e2 Saz Sem\\u00e2\\u00ee - \\u015eerif Muhiddin Targan (extrait)\",\"caption\":\"\",\"description\":\"\\\"5. Ferah-Fez\\u00e2 Saz Sem\\u00e2\\u00ee - \\u015eerif Muhiddin Targan (extrait)\\\" from Dj\\u00e2n by James Serre. Released: 2014. Genre: World.\",\"meta\":{\"artist\":\"James Serre\",\"album\":\"Dj\\u00e2n\",\"genre\":\"World\",\"year\":\"2014\",\"length_formatted\":\"0:57\"},\"image\":{\"src\":\"http:\/\/jamesserre.com\/wp-content\/uploads\/2018\/06\/2-Sult\\u00e2n\\u00ee-Yeg\\u00e2h-Saz-Sem\\u00e2\\u00ee-Ned\\u00eem-A\\u011fa-extrait-mp3-image.jpg\",\"width\":1417,\"height\":1417},\"thumb\":{\"src\":\"http:\/\/jamesserre.com\/wp-content\/uploads\/2018\/06\/2-Sult\\u00e2n\\u00ee-Yeg\\u00e2h-Saz-Sem\\u00e2\\u00ee-Ned\\u00eem-A\\u011fa-extrait-mp3-image-150x150.jpg\",\"width\":150,\"height\":150}},{\"src\":\"http:\/\/jamesserre.com\/wp-content\/uploads\/2018\/06\/Bey\\u00e2t\\u00ee-Pe\\u015frev-Seyfeddin-Efendi-extrait-1.mp3\",\"type\":\"audio\/mpeg\",\"title\":\"Bey\\u00e2t\\u00ee Pe\\u015frev - Seyfeddin Efendi (extrait)\",\"caption\":\"\",\"description\":\"\\\"Bey\\u00e2t\\u00ee Pe\\u015frev - Seyfeddin Efendi (extrait)\\\" from Dj\\u00e2n by James Serre. Released: 2014. Genre: World.\",\"meta\":{\"artist\":\"James Serre\",\"album\":\"Dj\\u00e2n\",\"genre\":\"World\",\"year\":\"2014\",\"length_formatted\":\"0:30\"},\"image\":{\"src\":\"http:\/\/jamesserre.com\/wp-content\/uploads\/2018\/06\/2-Sult\\u00e2n\\u00ee-Yeg\\u00e2h-Saz-Sem\\u00e2\\u00ee-Ned\\u00eem-A\\u011fa-extrait-mp3-image.jpg\",\"width\":1417,\"height\":1417},\"thumb\":{\"src\":\"http:\/\/jamesserre.com\/wp-content\/uploads\/2018\/06\/2-Sult\\u00e2n\\u00ee-Yeg\\u00e2h-Saz-Sem\\u00e2\\u00ee-Ned\\u00eem-A\\u011fa-extrait-mp3-image-150x150.jpg\",\"width\":150,\"height\":150}},{\"src\":\"http:\/\/jamesserre.com\/wp-content\/uploads\/2018\/06\/U\\u015f\\u015fak-Saz-Sem\\u00e2\\u00ee-S\\u00e2lih-Dede-extrait-1.mp3\",\"type\":\"audio\/mpeg\",\"title\":\"U\\u015f\\u015fak Saz Sem\\u00e2\\u00ee - S\\u00e2lih Dede (extrait)\",\"caption\":\"\",\"description\":\"\\\"U\\u015f\\u015fak Saz Sem\\u00e2\\u00ee - S\\u00e2lih Dede (extrait)\\\" from Dj\\u00e2n by James Serre. Released: 2014. Genre: World.\",\"meta\":{\"artist\":\"James Serre\",\"album\":\"Dj\\u00e2n\",\"genre\":\"World\",\"year\":\"2014\",\"length_formatted\":\"0:32\"},\"image\":{\"src\":\"http:\/\/jamesserre.com\/wp-content\/uploads\/2018\/06\/2-Sult\\u00e2n\\u00ee-Yeg\\u00e2h-Saz-Sem\\u00e2\\u00ee-Ned\\u00eem-A\\u011fa-extrait-mp3-image.jpg\",\"width\":1417,\"height\":1417},\"thumb\":{\"src\":\"http:\/\/jamesserre.com\/wp-content\/uploads\/2018\/06\/2-Sult\\u00e2n\\u00ee-Yeg\\u00e2h-Saz-Sem\\u00e2\\u00ee-Ned\\u00eem-A\\u011fa-extrait-mp3-image-150x150.jpg\",\"width\":150,\"height\":150}},{\"src\":\"http:\/\/jamesserre.com\/wp-content\/uploads\/2018\/06\/Seg\\u00e2h-Taksim-extrait-1.mp3\",\"type\":\"audio\/mpeg\",\"title\":\"Seg\\u00e2h Taksim (extrait)\",\"caption\":\"\",\"description\":\"\\\"Seg\\u00e2h Taksim (extrait)\\\" from Dj\\u00e2n by James Serre. Released: 2014. Genre: World.\",\"meta\":{\"artist\":\"James Serre\",\"album\":\"Dj\\u00e2n\",\"genre\":\"World\",\"year\":\"2014\",\"length_formatted\":\"0:35\"},\"image\":{\"src\":\"http:\/\/jamesserre.com\/wp-content\/uploads\/2018\/06\/2-Sult\\u00e2n\\u00ee-Yeg\\u00e2h-Saz-Sem\\u00e2\\u00ee-Ned\\u00eem-A\\u011fa-extrait-mp3-image.jpg\",\"width\":1417,\"height\":1417},\"thumb\":{\"src\":\"http:\/\/jamesserre.com\/wp-content\/uploads\/2018\/06\/2-Sult\\u00e2n\\u00ee-Yeg\\u00e2h-Saz-Sem\\u00e2\\u00ee-Ned\\u00eem-A\\u011fa-extrait-mp3-image-150x150.jpg\",\"width\":150,\"height\":150}}]}<\/script>\n<\/div>\n\t\n<p>Pour commander le CD, <a href=\"http:\/\/jamesserre.com\/index.php\/contact\/\">merci d&#8217;envoyer un message<\/a>.<\/p>\n","protected":false},"excerpt":{"rendered":"<p>Dj\u00e2n 1. Hicaz-H\u00fcm\u00e2y\u00fbn Pe\u015frev (Veli Dede) 2. Sult\u00e2n\u00ee-Yeg\u00e2h Saz Sem\u00e2\u00ee (Ned\u00eem A\u011fa) 3. \u015eehn\u00e2z Pe\u015frev\u00a0 (Ali A\u011fa) 4. Ferah-Fez\u00e2 Taksim 5. Ferah-Fez\u00e2 Saz Sem\u00e2\u00ee\u00a0 (\u015eerif Muhiddin Targan) 6. Pesend\u00eede Pe\u015frev (Selim III) 7. Pesend\u00eede Saz Sem\u00e2\u00ee (Selim III) 8. Bey\u00e2t\u00ee Pe\u015frev (Seyfeddin Efendi) 9. U\u015f\u015fak Saz Sem\u00e2\u00ee (S\u00e2lih Dede) 10. Seg\u00e2h Taksim (Ney, James Serre [&hellip;]<\/p>\n","protected":false},"author":1,"featured_media":0,"parent":0,"menu_order":0,"comment_status":"closed","ping_status":"closed","template":"","meta":{"_exactmetrics_skip_tracking":false,"_exactmetrics_sitenote_active":false,"_exactmetrics_sitenote_note":"","_exactmetrics_sitenote_category":0,"ocean_post_layout":"","ocean_both_sidebars_style":"","ocean_both_sidebars_content_width":0,"ocean_both_sidebars_sidebars_width":0,"ocean_sidebar":"0","ocean_second_sidebar":"0","ocean_disable_margins":"enable","ocean_add_body_class":"","ocean_shortcode_before_top_bar":"","ocean_shortcode_after_top_bar":"","ocean_shortcode_before_header":"","ocean_shortcode_after_header":"","ocean_has_shortcode":"","ocean_shortcode_after_title":"","ocean_shortcode_before_footer_widgets":"","ocean_shortcode_after_footer_widgets":"","ocean_shortcode_before_footer_bottom":"","ocean_shortcode_after_footer_bottom":"","ocean_display_top_bar":"default","ocean_display_header":"default","ocean_header_style":"","ocean_center_header_left_menu":"0","ocean_custom_header_template":"0","ocean_custom_logo":0,"ocean_custom_retina_logo":0,"ocean_custom_logo_max_width":0,"ocean_custom_logo_tablet_max_width":0,"ocean_custom_logo_mobile_max_width":0,"ocean_custom_logo_max_height":0,"ocean_custom_logo_tablet_max_height":0,"ocean_custom_logo_mobile_max_height":0,"ocean_header_custom_menu":"0","ocean_menu_typo_font_family":"0","ocean_menu_typo_font_subset":"","ocean_menu_typo_font_size":0,"ocean_menu_typo_font_size_tablet":0,"ocean_menu_typo_font_size_mobile":0,"ocean_menu_typo_font_size_unit":"px","ocean_menu_typo_font_weight":"","ocean_menu_typo_font_weight_tablet":"","ocean_menu_typo_font_weight_mobile":"","ocean_menu_typo_transform":"","ocean_menu_typo_transform_tablet":"","ocean_menu_typo_transform_mobile":"","ocean_menu_typo_line_height":0,"ocean_menu_typo_line_height_tablet":0,"ocean_menu_typo_line_height_mobile":0,"ocean_menu_typo_line_height_unit":"","ocean_menu_typo_spacing":0,"ocean_menu_typo_spacing_tablet":0,"ocean_menu_typo_spacing_mobile":0,"ocean_menu_typo_spacing_unit":"","ocean_menu_link_color":"","ocean_menu_link_color_hover":"","ocean_menu_link_color_active":"","ocean_menu_link_background":"","ocean_menu_link_hover_background":"","ocean_menu_link_active_background":"","ocean_menu_social_links_bg":"","ocean_menu_social_hover_links_bg":"","ocean_menu_social_links_color":"","ocean_menu_social_hover_links_color":"","ocean_disable_title":"default","ocean_disable_heading":"default","ocean_post_title":"","ocean_post_subheading":"","ocean_post_title_style":"","ocean_post_title_background_color":"","ocean_post_title_background":0,"ocean_post_title_bg_image_position":"","ocean_post_title_bg_image_attachment":"","ocean_post_title_bg_image_repeat":"","ocean_post_title_bg_image_size":"","ocean_post_title_height":0,"ocean_post_title_bg_overlay":0.5,"ocean_post_title_bg_overlay_color":"","ocean_disable_breadcrumbs":"default","ocean_breadcrumbs_color":"","ocean_breadcrumbs_separator_color":"","ocean_breadcrumbs_links_color":"","ocean_breadcrumbs_links_hover_color":"","ocean_display_footer_widgets":"default","ocean_display_footer_bottom":"default","ocean_custom_footer_template":"0","footnotes":""},"class_list":["post-534","page","type-page","status-publish","hentry","entry"],"_links":{"self":[{"href":"http:\/\/jamesserre.com\/index.php\/wp-json\/wp\/v2\/pages\/534","targetHints":{"allow":["GET"]}}],"collection":[{"href":"http:\/\/jamesserre.com\/index.php\/wp-json\/wp\/v2\/pages"}],"about":[{"href":"http:\/\/jamesserre.com\/index.php\/wp-json\/wp\/v2\/types\/page"}],"author":[{"embeddable":true,"href":"http:\/\/jamesserre.com\/index.php\/wp-json\/wp\/v2\/users\/1"}],"replies":[{"embeddable":true,"href":"http:\/\/jamesserre.com\/index.php\/wp-json\/wp\/v2\/comments?post=534"}],"version-history":[{"count":10,"href":"http:\/\/jamesserre.com\/index.php\/wp-json\/wp\/v2\/pages\/534\/revisions"}],"predecessor-version":[{"id":816,"href":"http:\/\/jamesserre.com\/index.php\/wp-json\/wp\/v2\/pages\/534\/revisions\/816"}],"wp:attachment":[{"href":"http:\/\/jamesserre.com\/index.php\/wp-json\/wp\/v2\/media?parent=534"}],"curies":[{"name":"wp","href":"https:\/\/api.w.org\/{rel}","templated":true}]}}