{"id":395,"date":"2018-06-16T13:57:34","date_gmt":"2018-06-16T11:57:34","guid":{"rendered":"http:\/\/jamesserre.com\/?page_id=395"},"modified":"2018-06-19T21:55:25","modified_gmt":"2018-06-19T19:55:25","slug":"conference","status":"publish","type":"page","link":"http:\/\/jamesserre.com\/index.php\/conference\/","title":{"rendered":"Ateliers &#038; Conf\u00e9rences"},"content":{"rendered":"<p><img fetchpriority=\"high\" decoding=\"async\" class=\"alignnone wp-image-588 size-full\" src=\"http:\/\/jamesserre.com\/wp-content\/uploads\/2018\/06\/32869094_1960888613985300_6101404706469314560_n-e1529334204845.jpg\" alt=\"\" width=\"957\" height=\"343\" srcset=\"http:\/\/jamesserre.com\/wp-content\/uploads\/2018\/06\/32869094_1960888613985300_6101404706469314560_n-e1529334204845.jpg 957w, http:\/\/jamesserre.com\/wp-content\/uploads\/2018\/06\/32869094_1960888613985300_6101404706469314560_n-e1529334204845-300x108.jpg 300w, http:\/\/jamesserre.com\/wp-content\/uploads\/2018\/06\/32869094_1960888613985300_6101404706469314560_n-e1529334204845-768x275.jpg 768w\" sizes=\"(max-width: 957px) 100vw, 957px\" \/><\/p>\n<p>James Serre donne des conf\u00e9rences sur les musiques savantes ottomanes ou soufies.<\/p>\n<p>Il a \u00e9galement mont\u00e9 un projet de conf\u00e9rence musicale\/atelier p\u00e9dagogique \u00e0 destination des \u00e9l\u00e8ves de conservatoire ou d&#8217;universit\u00e9 dans le but de faire rayonner une musique encore trop m\u00e9connue.<\/p>\n<a href=\"http:\/\/jamesserre.com\/wp-content\/uploads\/2018\/06\/dossier-de-presse-conservatoire.pdf\" class=\"pdfemb-viewer\" style=\"width:425px;height:600px;\" data-width=\"425\" data-height=\"600\" data-toolbar=\"bottom\" data-toolbar-fixed=\"off\">dossier de presse conservatoire<\/a>\n<p><a href=\"http:\/\/jamesserre.com\/wp-content\/uploads\/2018\/06\/dossier-de-presse-conservatoire.pdf\" target=\"_blank\" rel=\"noopener\">T\u00e9l\u00e9charger le dossier de presse<\/a><\/p>\n","protected":false},"excerpt":{"rendered":"<p>James Serre donne des conf\u00e9rences sur les musiques savantes ottomanes ou soufies. Il a \u00e9galement mont\u00e9 un projet de conf\u00e9rence musicale\/atelier p\u00e9dagogique \u00e0 destination des \u00e9l\u00e8ves de conservatoire ou d&#8217;universit\u00e9 dans le but de faire rayonner une musique encore trop m\u00e9connue. T\u00e9l\u00e9charger le dossier de presse<\/p>\n","protected":false},"author":1,"featured_media":0,"parent":0,"menu_order":0,"comment_status":"closed","ping_status":"closed","template":"","meta":{"_exactmetrics_skip_tracking":false,"_exactmetrics_sitenote_active":false,"_exactmetrics_sitenote_note":"","_exactmetrics_sitenote_category":0,"ocean_post_layout":"","ocean_both_sidebars_style":"","ocean_both_sidebars_content_width":0,"ocean_both_sidebars_sidebars_width":0,"ocean_sidebar":"0","ocean_second_sidebar":"0","ocean_disable_margins":"enable","ocean_add_body_class":"","ocean_shortcode_before_top_bar":"","ocean_shortcode_after_top_bar":"","ocean_shortcode_before_header":"","ocean_shortcode_after_header":"","ocean_has_shortcode":"","ocean_shortcode_after_title":"","ocean_shortcode_before_footer_widgets":"","ocean_shortcode_after_footer_widgets":"","ocean_shortcode_before_footer_bottom":"","ocean_shortcode_after_footer_bottom":"","ocean_display_top_bar":"default","ocean_display_header":"default","ocean_header_style":"","ocean_center_header_left_menu":"0","ocean_custom_header_template":"0","ocean_custom_logo":0,"ocean_custom_retina_logo":0,"ocean_custom_logo_max_width":0,"ocean_custom_logo_tablet_max_width":0,"ocean_custom_logo_mobile_max_width":0,"ocean_custom_logo_max_height":0,"ocean_custom_logo_tablet_max_height":0,"ocean_custom_logo_mobile_max_height":0,"ocean_header_custom_menu":"0","ocean_menu_typo_font_family":"0","ocean_menu_typo_font_subset":"","ocean_menu_typo_font_size":0,"ocean_menu_typo_font_size_tablet":0,"ocean_menu_typo_font_size_mobile":0,"ocean_menu_typo_font_size_unit":"px","ocean_menu_typo_font_weight":"","ocean_menu_typo_font_weight_tablet":"","ocean_menu_typo_font_weight_mobile":"","ocean_menu_typo_transform":"","ocean_menu_typo_transform_tablet":"","ocean_menu_typo_transform_mobile":"","ocean_menu_typo_line_height":0,"ocean_menu_typo_line_height_tablet":0,"ocean_menu_typo_line_height_mobile":0,"ocean_menu_typo_line_height_unit":"","ocean_menu_typo_spacing":0,"ocean_menu_typo_spacing_tablet":0,"ocean_menu_typo_spacing_mobile":0,"ocean_menu_typo_spacing_unit":"","ocean_menu_link_color":"","ocean_menu_link_color_hover":"","ocean_menu_link_color_active":"","ocean_menu_link_background":"","ocean_menu_link_hover_background":"","ocean_menu_link_active_background":"","ocean_menu_social_links_bg":"","ocean_menu_social_hover_links_bg":"","ocean_menu_social_links_color":"","ocean_menu_social_hover_links_color":"","ocean_disable_title":"default","ocean_disable_heading":"default","ocean_post_title":"","ocean_post_subheading":"","ocean_post_title_style":"","ocean_post_title_background_color":"","ocean_post_title_background":0,"ocean_post_title_bg_image_position":"","ocean_post_title_bg_image_attachment":"","ocean_post_title_bg_image_repeat":"","ocean_post_title_bg_image_size":"","ocean_post_title_height":0,"ocean_post_title_bg_overlay":0.5,"ocean_post_title_bg_overlay_color":"","ocean_disable_breadcrumbs":"default","ocean_breadcrumbs_color":"","ocean_breadcrumbs_separator_color":"","ocean_breadcrumbs_links_color":"","ocean_breadcrumbs_links_hover_color":"","ocean_display_footer_widgets":"default","ocean_display_footer_bottom":"default","ocean_custom_footer_template":"","footnotes":""},"class_list":["post-395","page","type-page","status-publish","hentry","entry"],"_links":{"self":[{"href":"http:\/\/jamesserre.com\/index.php\/wp-json\/wp\/v2\/pages\/395","targetHints":{"allow":["GET"]}}],"collection":[{"href":"http:\/\/jamesserre.com\/index.php\/wp-json\/wp\/v2\/pages"}],"about":[{"href":"http:\/\/jamesserre.com\/index.php\/wp-json\/wp\/v2\/types\/page"}],"author":[{"embeddable":true,"href":"http:\/\/jamesserre.com\/index.php\/wp-json\/wp\/v2\/users\/1"}],"replies":[{"embeddable":true,"href":"http:\/\/jamesserre.com\/index.php\/wp-json\/wp\/v2\/comments?post=395"}],"version-history":[{"count":10,"href":"http:\/\/jamesserre.com\/index.php\/wp-json\/wp\/v2\/pages\/395\/revisions"}],"predecessor-version":[{"id":626,"href":"http:\/\/jamesserre.com\/index.php\/wp-json\/wp\/v2\/pages\/395\/revisions\/626"}],"wp:attachment":[{"href":"http:\/\/jamesserre.com\/index.php\/wp-json\/wp\/v2\/media?parent=395"}],"curies":[{"name":"wp","href":"https:\/\/api.w.org\/{rel}","templated":true}]}}