{"id":183,"date":"2018-01-08T20:15:09","date_gmt":"2018-01-08T19:15:09","guid":{"rendered":"http:\/\/jamesserre.com\/?page_id=183"},"modified":"2018-06-19T21:49:16","modified_gmt":"2018-06-19T19:49:16","slug":"lexique","status":"publish","type":"page","link":"http:\/\/jamesserre.com\/index.php\/lexique\/","title":{"rendered":"Lexique de la musique ottomane"},"content":{"rendered":"<h3>Le beste<\/h3>\n<p>est un genre vocal dans la musique classique ottomane. Le beste a \u00e9t\u00e9 l\u2019une des principales formes dans le fas\u0131l (suite) avec le sem\u00e2\u00ee, et ses paroles venaient du turc ottoman, langue emprunt\u00e9e \u00e0 la po\u00e9sie des formes g\u00e2zel et murabba\u2019.<\/p>\n<h3>Le fas\u0131l<\/h3>\n<p>constitue une suite de pi\u00e8ces de plusieurs genres vocaux et instrumentaux organis\u00e9s en suites de concert.<\/p>\n<h3>Les ilah\u00ee&#8217;s<\/h3>\n<p>sont les hymnes \u00e0 la louange d\u2019Allah, du Proph\u00e8te Muhammed et de saints soufis. \u00c9crits en turc, les ilah\u00ee sont compos\u00e9s dans une grande vari\u00e9t\u00e9 d\u2019usul (rythmes) et de makam (modes) et constituent le riche tr\u00e9sor de la musique turque.<\/p>\n<h3>Les makam&#8217;s<\/h3>\n<p>sont les modes m\u00e9lodiques qui constituent le syst\u00e8me musical complexe des musiques savantes ottomanes.<\/p>\n<h3>Le nak\u015f<\/h3>\n<p>est une pi\u00e8ce vocale construite sur un m\u00e8tre po\u00e9tique court.<\/p>\n<h3>Le pe\u015frev<\/h3>\n<p>est un pr\u00e9lude instrumental en quatre parties de forme strophique. Les concerts de fas\u0131l, commencent toujours par le pe\u015frev.<\/p>\n<h3>Le \u015fark\u0131<\/h3>\n<p>est apparu vers la fin du XVIIIe si\u00e8cle, alors que la cour ottomane se tourne vers la musique occidentale, et dont le caract\u00e8re l\u00e9ger et suave se traduit par une certaine libert\u00e9 dans la composition, une plus grande diversit\u00e9 rythmique et la pr\u00e9sence de nombreux interm\u00e8des instrumentaux.<\/p>\n<h3>Le sem\u00e2i<\/h3>\n<p>est une pi\u00e8ce vocale, dont le chant lent est compos\u00e9 sur un m\u00e8tre po\u00e9tique long et un rythme \u00e0 10 temps (a\u011fir aksak sem\u00e2i) ou 6 temps (a\u011fir sengin sem\u00e2i).<\/p>\n<p>Le sem\u00e2i instrumental, postlude de forme analogue au pe\u015frev mais compos\u00e9 sur le rythme sem\u00e2i \u00e0 10\/8, \u00e0 l\u2019exception de la derni\u00e8re strophe qui est en 6\/8 ou 9\/8.<\/p>\n<h3>Le taksim<\/h3>\n<p>est une improvisation instrumentale de rythme libre servant \u00e0 introduire la modulation d\u2019un mode \u00e0 l\u2019autre.<\/p>\n<h3>\u00a0Us\u00fbl<\/h3>\n<p>est un terme qui comprend l\u2019ensemble des conceptions de mesure et de rythme de la musique turque, est n\u00e9 et s\u2019est d\u00e9velopp\u00e9, dans la musique Turque-Ottomane, avec les mesures po\u00e9tiques.<\/p>\n<h3>Le y\u00fcr\u00fck sem\u00e2i (air gai)<\/h3>\n<p>est une forme musicale dans la musique classique ottomane. Il est g\u00e9n\u00e9ralement compos\u00e9 d\u2019un usul en 6\/8 ou 6\/4.<\/p>\n","protected":false},"excerpt":{"rendered":"<p>Le beste est un genre vocal dans la musique classique ottomane. Le beste a \u00e9t\u00e9 l\u2019une des principales formes dans le fas\u0131l (suite) avec le sem\u00e2\u00ee, et ses paroles venaient du turc ottoman, langue emprunt\u00e9e \u00e0 la po\u00e9sie des formes g\u00e2zel et murabba\u2019. Le fas\u0131l constitue une suite de pi\u00e8ces de plusieurs genres vocaux et [&hellip;]<\/p>\n","protected":false},"author":1,"featured_media":0,"parent":0,"menu_order":0,"comment_status":"closed","ping_status":"closed","template":"","meta":{"_exactmetrics_skip_tracking":false,"_exactmetrics_sitenote_active":false,"_exactmetrics_sitenote_note":"","_exactmetrics_sitenote_category":0,"ocean_post_layout":"","ocean_both_sidebars_style":"","ocean_both_sidebars_content_width":0,"ocean_both_sidebars_sidebars_width":0,"ocean_sidebar":"0","ocean_second_sidebar":"0","ocean_disable_margins":"enable","ocean_add_body_class":"","ocean_shortcode_before_top_bar":"","ocean_shortcode_after_top_bar":"","ocean_shortcode_before_header":"","ocean_shortcode_after_header":"","ocean_has_shortcode":"","ocean_shortcode_after_title":"","ocean_shortcode_before_footer_widgets":"","ocean_shortcode_after_footer_widgets":"","ocean_shortcode_before_footer_bottom":"","ocean_shortcode_after_footer_bottom":"","ocean_display_top_bar":"default","ocean_display_header":"default","ocean_header_style":"","ocean_center_header_left_menu":"0","ocean_custom_header_template":"0","ocean_custom_logo":0,"ocean_custom_retina_logo":0,"ocean_custom_logo_max_width":0,"ocean_custom_logo_tablet_max_width":0,"ocean_custom_logo_mobile_max_width":0,"ocean_custom_logo_max_height":0,"ocean_custom_logo_tablet_max_height":0,"ocean_custom_logo_mobile_max_height":0,"ocean_header_custom_menu":"0","ocean_menu_typo_font_family":"0","ocean_menu_typo_font_subset":"","ocean_menu_typo_font_size":0,"ocean_menu_typo_font_size_tablet":0,"ocean_menu_typo_font_size_mobile":0,"ocean_menu_typo_font_size_unit":"px","ocean_menu_typo_font_weight":"","ocean_menu_typo_font_weight_tablet":"","ocean_menu_typo_font_weight_mobile":"","ocean_menu_typo_transform":"","ocean_menu_typo_transform_tablet":"","ocean_menu_typo_transform_mobile":"","ocean_menu_typo_line_height":0,"ocean_menu_typo_line_height_tablet":0,"ocean_menu_typo_line_height_mobile":0,"ocean_menu_typo_line_height_unit":"","ocean_menu_typo_spacing":0,"ocean_menu_typo_spacing_tablet":0,"ocean_menu_typo_spacing_mobile":0,"ocean_menu_typo_spacing_unit":"","ocean_menu_link_color":"","ocean_menu_link_color_hover":"","ocean_menu_link_color_active":"","ocean_menu_link_background":"","ocean_menu_link_hover_background":"","ocean_menu_link_active_background":"","ocean_menu_social_links_bg":"","ocean_menu_social_hover_links_bg":"","ocean_menu_social_links_color":"","ocean_menu_social_hover_links_color":"","ocean_disable_title":"default","ocean_disable_heading":"default","ocean_post_title":"","ocean_post_subheading":"","ocean_post_title_style":"","ocean_post_title_background_color":"","ocean_post_title_background":0,"ocean_post_title_bg_image_position":"","ocean_post_title_bg_image_attachment":"","ocean_post_title_bg_image_repeat":"","ocean_post_title_bg_image_size":"","ocean_post_title_height":0,"ocean_post_title_bg_overlay":0.5,"ocean_post_title_bg_overlay_color":"","ocean_disable_breadcrumbs":"default","ocean_breadcrumbs_color":"","ocean_breadcrumbs_separator_color":"","ocean_breadcrumbs_links_color":"","ocean_breadcrumbs_links_hover_color":"","ocean_display_footer_widgets":"default","ocean_display_footer_bottom":"default","ocean_custom_footer_template":"","footnotes":""},"class_list":["post-183","page","type-page","status-publish","hentry","entry"],"_links":{"self":[{"href":"http:\/\/jamesserre.com\/index.php\/wp-json\/wp\/v2\/pages\/183","targetHints":{"allow":["GET"]}}],"collection":[{"href":"http:\/\/jamesserre.com\/index.php\/wp-json\/wp\/v2\/pages"}],"about":[{"href":"http:\/\/jamesserre.com\/index.php\/wp-json\/wp\/v2\/types\/page"}],"author":[{"embeddable":true,"href":"http:\/\/jamesserre.com\/index.php\/wp-json\/wp\/v2\/users\/1"}],"replies":[{"embeddable":true,"href":"http:\/\/jamesserre.com\/index.php\/wp-json\/wp\/v2\/comments?post=183"}],"version-history":[{"count":12,"href":"http:\/\/jamesserre.com\/index.php\/wp-json\/wp\/v2\/pages\/183\/revisions"}],"predecessor-version":[{"id":623,"href":"http:\/\/jamesserre.com\/index.php\/wp-json\/wp\/v2\/pages\/183\/revisions\/623"}],"wp:attachment":[{"href":"http:\/\/jamesserre.com\/index.php\/wp-json\/wp\/v2\/media?parent=183"}],"curies":[{"name":"wp","href":"https:\/\/api.w.org\/{rel}","templated":true}]}}