{"id":17,"date":"2018-01-02T16:15:17","date_gmt":"2018-01-02T15:15:17","guid":{"rendered":"http:\/\/jamesserre.com\/?page_id=17"},"modified":"2018-06-21T15:43:36","modified_gmt":"2018-06-21T13:43:36","slug":"a-propos-de","status":"publish","type":"page","link":"http:\/\/jamesserre.com\/index.php\/a-propos-de\/","title":{"rendered":"James Serre"},"content":{"rendered":"<p><img fetchpriority=\"high\" decoding=\"async\" class=\" wp-image-399 alignleft\" src=\"http:\/\/jamesserre.com\/wp-content\/uploads\/2018\/06\/27067024_10214232494138845_6703381643280179981_n.jpg\" alt=\"\" width=\"390\" height=\"400\" \/>Musicien, concertiste et conf\u00e9rencier, sp\u00e9cialis\u00e9 dans les musiques savantes de l\u2019Asie mineure et du Moyen-Orient, James Serre m\u00e8ne \u00e0 Istanbul un travail d&#8217;investigation sur les musiques classiques et spirituelles de l&#8217;Empire ottoman.<br \/>\nIl pratique et enseigne le ney (fl\u00fbte de roseau), le reb\u00e2b turc (vielle \u00e0 pique) et le y\u00e2l\u00ee tanb\u00fbr (luth \u00e0 archet dot\u00e9 d&#8217;un long manche).<\/p>\n<p>Il commence l&#8217;\u00e9tude de la musique classique ottomane\u00a0 \u00e0 l&#8217;association Mevlana fond\u00e9e par le ma\u00eetre de ney Kudsi Erguner.<br \/>\nC&#8217;est \u00e0 Istanbul qu&#8217;il poursuit ensuite son apprentissage et m\u00e8ne ses recherches th\u00e9oriques, pratiques et historiques sur l&#8217;art musical ottoman (concept du <em>makam<\/em>, suites savantes de pi\u00e8ces vocales et instrumentales du XVe au XIXe si\u00e8cle, <em>Fasil<\/em> et <em>Mevlevi Ayin<\/em>) aupr\u00e8s du ma\u00eetre de ney et de chant Ahmed \u015eahin\u00a0 et de grands musiciens stambouliotes comme Neyzen H\u00fcseyin Ozk\u0131l\u0131\u00e7, Tanb\u00fbri Murat Aydemir, Ud\u00ee Necati Celik, Rab\u00e2b\u00ee Mehmet Refik Kaya.<\/p>\n<p>Il \u00e9tudie parall\u00e8lement les musiques modales de l\u2019Asie mineure et de l\u2019Iran aux ateliers p\u00e9dagogiques du <em>Labyrinth Musical Workshop<\/em> en Cr\u00e8te et du <em>Music Village<\/em> en Gr\u00e8ce aupr\u00e8s de musiciens tels que Ross Daily, Eug\u00e9nious Vulgaris, Dariush Tala\u00ef, Omer Erdogdular et Murat Aydemir.<\/p>\n<p>En 2005, il entame des recherches comparatives sur les musiques anciennes du Moyen-Orient (<em>Wasla\u2019s<\/em> et <em>Muwashshahat<\/em>) \u00e0 l&#8217;Institut de musique de Tunis et au conservatoire de Sidi Bou Said aupr\u00e8s du ma\u00eetre de na\u00ef oriental, Nabil Abdelmoulah.<\/p>\n<p>En 2006, 2007 et 2009, \u00e0 F\u00e8s au Maroc o\u00f9 il a v\u00e9cut pendant plusieurs ann\u00e9es, il devient membre de la Fondation Esprit de F\u00e8s et du Festival des Musiques Sacr\u00e9es du Monde o\u00f9 il participe comme musicien et organisateur.<\/p>\n<p>Il int\u00e8gre l&#8217;Ensemble Shahinaz avec lequel il interpr\u00e8te des r\u00e9pertoires de musiques savantes du Moyen-Orient et se produit dans des festivals internationaux dans diff\u00e9rents pays comme le Maroc, la France, la Pologne et l&#8217;Espagne.<img decoding=\"async\" class=\"wp-image-407 alignright\" src=\"http:\/\/jamesserre.com\/wp-content\/uploads\/2018\/06\/Tulipe-png.png\" alt=\"\" width=\"274\" height=\"416\" \/><\/p>\n<p>Outre sa carri\u00e8re de musicien, il donne des conf\u00e9rences et des cours sur les musiques savantes et spirituelles de L\u2019Asie mineure (La musique de Cour de l\u2019Empire ottoman, le <em>Sama\u2019<\/em>, l\u2019audition spirituelle des soufis, Mevlana Rum\u00ee et le<em> sama\u2019<\/em> des derviches tourneurs), entre autres au Centre Culturel Anatolie \u00e0 Paris et au conservatoire sup\u00e9rieur de musique Victoria Eugenia de Grenade en Espagne.<\/p>\n<p>Il int\u00e8gre le groupe de T\u00e9touan Al-Tarab et donne des repr\u00e9sentations au Th\u00e9\u00e2tre Vimambi de Grenade.<\/p>\n<p>En 2007, il est le Directeur p\u00e9dagogique et l&#8217;organisateur du projet <em>Le Chant du Soleil<\/em>, festival p\u00e9dagogique (ateliers, conf\u00e9rences, concerts) sur les musiques m\u00e9diterran\u00e9ennes en collaboration avec L&#8217;Institut Fran\u00e7ais de F\u00e8s, et diff\u00e9rents partenaires de l&#8217;action culturelle au Maroc<\/p>\n<p>Actuellement, il dirige <a href=\"http:\/\/jamesserre.com\/index.php\/ensemble-lale\/\">l&#8217;Ensemble Lal\u00e9<\/a>\u00a0 et pr\u00e9pare l&#8217;enregistrement\u00a0 d&#8217;un CD sur les chefs-d\u2019\u0153uvre des grands compositeurs de la musique classique de l&#8217;Empire Ottoman.<\/p>\n<p><a href=\"http:\/\/jamesserre.com\/wp-content\/uploads\/2018\/06\/CV-musique-James-2018-1.pdf\">CV James Serre<\/a><\/p>\n","protected":false},"excerpt":{"rendered":"<p>Musicien, concertiste et conf\u00e9rencier, sp\u00e9cialis\u00e9 dans les musiques savantes de l\u2019Asie mineure et du Moyen-Orient, James Serre m\u00e8ne \u00e0 Istanbul un travail d&#8217;investigation sur les musiques classiques et spirituelles de l&#8217;Empire ottoman. Il pratique et enseigne le ney (fl\u00fbte de roseau), le reb\u00e2b turc (vielle \u00e0 pique) et le y\u00e2l\u00ee tanb\u00fbr (luth \u00e0 archet dot\u00e9 [&hellip;]<\/p>\n","protected":false},"author":1,"featured_media":0,"parent":0,"menu_order":0,"comment_status":"closed","ping_status":"closed","template":"","meta":{"_exactmetrics_skip_tracking":false,"_exactmetrics_sitenote_active":false,"_exactmetrics_sitenote_note":"","_exactmetrics_sitenote_category":0,"ocean_post_layout":"","ocean_both_sidebars_style":"","ocean_both_sidebars_content_width":0,"ocean_both_sidebars_sidebars_width":0,"ocean_sidebar":"0","ocean_second_sidebar":"0","ocean_disable_margins":"enable","ocean_add_body_class":"","ocean_shortcode_before_top_bar":"","ocean_shortcode_after_top_bar":"","ocean_shortcode_before_header":"","ocean_shortcode_after_header":"","ocean_has_shortcode":"","ocean_shortcode_after_title":"","ocean_shortcode_before_footer_widgets":"","ocean_shortcode_after_footer_widgets":"","ocean_shortcode_before_footer_bottom":"","ocean_shortcode_after_footer_bottom":"","ocean_display_top_bar":"default","ocean_display_header":"default","ocean_header_style":"","ocean_center_header_left_menu":"0","ocean_custom_header_template":"0","ocean_custom_logo":0,"ocean_custom_retina_logo":0,"ocean_custom_logo_max_width":0,"ocean_custom_logo_tablet_max_width":0,"ocean_custom_logo_mobile_max_width":0,"ocean_custom_logo_max_height":0,"ocean_custom_logo_tablet_max_height":0,"ocean_custom_logo_mobile_max_height":0,"ocean_header_custom_menu":"0","ocean_menu_typo_font_family":"0","ocean_menu_typo_font_subset":"","ocean_menu_typo_font_size":0,"ocean_menu_typo_font_size_tablet":0,"ocean_menu_typo_font_size_mobile":0,"ocean_menu_typo_font_size_unit":"px","ocean_menu_typo_font_weight":"","ocean_menu_typo_font_weight_tablet":"","ocean_menu_typo_font_weight_mobile":"","ocean_menu_typo_transform":"","ocean_menu_typo_transform_tablet":"","ocean_menu_typo_transform_mobile":"","ocean_menu_typo_line_height":0,"ocean_menu_typo_line_height_tablet":0,"ocean_menu_typo_line_height_mobile":0,"ocean_menu_typo_line_height_unit":"","ocean_menu_typo_spacing":0,"ocean_menu_typo_spacing_tablet":0,"ocean_menu_typo_spacing_mobile":0,"ocean_menu_typo_spacing_unit":"","ocean_menu_link_color":"","ocean_menu_link_color_hover":"","ocean_menu_link_color_active":"","ocean_menu_link_background":"","ocean_menu_link_hover_background":"","ocean_menu_link_active_background":"","ocean_menu_social_links_bg":"","ocean_menu_social_hover_links_bg":"","ocean_menu_social_links_color":"","ocean_menu_social_hover_links_color":"","ocean_disable_title":"default","ocean_disable_heading":"default","ocean_post_title":"","ocean_post_subheading":"","ocean_post_title_style":"","ocean_post_title_background_color":"","ocean_post_title_background":0,"ocean_post_title_bg_image_position":"","ocean_post_title_bg_image_attachment":"","ocean_post_title_bg_image_repeat":"","ocean_post_title_bg_image_size":"","ocean_post_title_height":0,"ocean_post_title_bg_overlay":0.5,"ocean_post_title_bg_overlay_color":"","ocean_disable_breadcrumbs":"default","ocean_breadcrumbs_color":"","ocean_breadcrumbs_separator_color":"","ocean_breadcrumbs_links_color":"","ocean_breadcrumbs_links_hover_color":"","ocean_display_footer_widgets":"default","ocean_display_footer_bottom":"default","ocean_custom_footer_template":"","footnotes":""},"class_list":["post-17","page","type-page","status-publish","hentry","entry"],"_links":{"self":[{"href":"http:\/\/jamesserre.com\/index.php\/wp-json\/wp\/v2\/pages\/17","targetHints":{"allow":["GET"]}}],"collection":[{"href":"http:\/\/jamesserre.com\/index.php\/wp-json\/wp\/v2\/pages"}],"about":[{"href":"http:\/\/jamesserre.com\/index.php\/wp-json\/wp\/v2\/types\/page"}],"author":[{"embeddable":true,"href":"http:\/\/jamesserre.com\/index.php\/wp-json\/wp\/v2\/users\/1"}],"replies":[{"embeddable":true,"href":"http:\/\/jamesserre.com\/index.php\/wp-json\/wp\/v2\/comments?post=17"}],"version-history":[{"count":19,"href":"http:\/\/jamesserre.com\/index.php\/wp-json\/wp\/v2\/pages\/17\/revisions"}],"predecessor-version":[{"id":628,"href":"http:\/\/jamesserre.com\/index.php\/wp-json\/wp\/v2\/pages\/17\/revisions\/628"}],"wp:attachment":[{"href":"http:\/\/jamesserre.com\/index.php\/wp-json\/wp\/v2\/media?parent=17"}],"curies":[{"name":"wp","href":"https:\/\/api.w.org\/{rel}","templated":true}]}}