{"id":132,"date":"2018-01-04T18:14:40","date_gmt":"2018-01-04T17:14:40","guid":{"rendered":"http:\/\/jamesserre.com\/?page_id=132"},"modified":"2018-06-19T21:47:37","modified_gmt":"2018-06-19T19:47:37","slug":"les-instruments","status":"publish","type":"page","link":"http:\/\/jamesserre.com\/index.php\/les-instruments\/","title":{"rendered":"Les instruments"},"content":{"rendered":"<h2 style=\"text-align: left;\">Le ney<\/h2>\n<p style=\"text-align: left;\"><img fetchpriority=\"high\" decoding=\"async\" class=\"alignleft\" src=\"http:\/\/jamesserre.com\/wp-content\/uploads\/2018\/06\/kamis_0001.jpg\" alt=\"\" width=\"356\" height=\"237\" \/>Le ney (persan ou turc), est une fl\u00fbte oblique en roseau \u00e0 embouchure terminale en corne, originaire d\u2019Asie centrale, dont les plus anciennes formes datent de l\u2019\u00e2ge des pyramides (3000-2500 av. J.-C.).<\/p>\n<p style=\"text-align: left;\">Depuis le XIIIe si\u00e8cle, si\u00e8cle de Mevlana fondateur de la confr\u00e9rie Mevlevi, le ney est devenu l\u2019instrument fondamental de la musique classique et mystique.<\/p>\n<p style=\"text-align: left;\">Il est en effet consid\u00e9r\u00e9 comme le symbole de l\u2019\u00e2me, qui, s\u00e9par\u00e9e du monde c\u00e9leste, recherche l\u2019union. Image de l\u2019Homme Parfait, il incarne ce que le mystique souhaite devenir : une \u00ab\u00a0 \u00e9corce transparente anim\u00e9e par le souffle divin \u00bb (le premier son \u00e9mis par le ney se rapprocherait le plus du souffle vital).<\/p>\n<blockquote><p><em>\u00c9coute le ney raconter une histoire ; il se lamente de la s\u00e9paration :<\/em><\/p>\n<p><em>\u00ab<\/em><em> Depuis qu\u2019on m\u2019a coup\u00e9 de la jonchaie, ma plainte fait g\u00e9mir l\u2019homme et la femme.<\/em><br \/>\n<em> Je veux un c\u0153ur d\u00e9chir\u00e9 par la s\u00e9paration pour y verser la douleur du d\u00e9sir.<\/em><br \/>\n<em> Quiconque demeure loin de sa source aspire \u00e0 l\u2019instant o\u00f9 il lui sera \u00e0 no<\/em><em>uveau uni.<\/em><em><img decoding=\"async\" class=\"alignright\" src=\"http:\/\/jamesserre.com\/wp-content\/uploads\/2018\/01\/joueurs-de-ney-e1529156247223.png\" alt=\"\" width=\"140\" height=\"165\" \/><\/em><br \/>\n<em>\u00a0<\/em><em>Moi, je me suis plaint en toute compagnie, je me suis associ\u00e9 \u00e0 ceux qui se r\u00e9jouissent comme \u00e0 ceux qui pleurent\u2026 \u00bb<\/em><\/p>\n<p>Djal\u00e2l ad-D\u00een R\u00fbm\u00ee<br \/>\n(traduction de E. de Vitray-Meyerovitch et M. Mortazavi)<\/p><\/blockquote>\n<h2 style=\"text-align: right;\"><\/h2>\n<p>&nbsp;<\/p>\n<h2 style=\"text-align: right;\">Le tanb\u00fbr<\/h2>\n<h2 style=\"text-align: right;\"><img decoding=\"async\" src=\"http:\/\/jamesserre.com\/wp-content\/uploads\/2018\/06\/tanbur-h-1024x312.jpg\" alt=\"\" width=\"726\" height=\"221\" \/><\/h2>\n<p>Le tanb\u00fbr est le plus commun des luths \u00e0 long manche dans les cultures musicales m\u00e9di\u00e9vales du monde musulman.<br \/>\nInstrument pr\u00e9dominant dans la musique classique ottomane et la musique soufie Mevlevie, le tanb\u00fbr turc voit son origine dans les luths \u00e0 long manche provenant d\u2019Asie centrale.<\/p>\n<p>\u00c0\u00a0la fin du XVIIe si\u00e8cle, le tanb\u00fbr avait non seulement gagn\u00e9 sa place dans l\u2019ensemble musical \u00e0 la Cour ottomane mais il avait remplac\u00e9 tous les autres membres de la famille des luths \u00e0 manche court comme le \u2018\u00fbd et le kopuz.<\/p>\n<p>La supr\u00e9matie de ce luth est sans pr\u00e9c\u00e9dent dans la musique d\u2019art turque.<\/p>\n<blockquote><p><em>L\u2019instrument appel\u00e9 tanb\u00fbr est le plus parfait et le plus complet de tous les instruments que nous connaissons car il effectue compl\u00e8tement et sans faute tous les sons et les m\u00e9lodies que produit la voix humaine.<\/em><\/p>\n<p>Dimitri Cantemir, Prince compositeur dans <em>Le Livre de la science de la musique<\/em><\/p><\/blockquote>\n<p>&nbsp;<\/p>\n<h2>Le r\u00e2b\u00e2b<\/h2>\n<figure id=\"attachment_243\" aria-describedby=\"caption-attachment-243\" style=\"width: 487px\" class=\"wp-caption alignleft\"><img loading=\"lazy\" decoding=\"async\" src=\"http:\/\/jamesserre.com\/wp-content\/uploads\/2018\/06\/1-1024x458.jpg\" alt=\"\" width=\"487\" height=\"217\" \/><figcaption id=\"caption-attachment-243\" class=\"wp-caption-text\">cr\u00e9dit photo : Refik-i Reb\u00e2b<\/figcaption><\/figure>\n<p>Le rab\u00e2b est l\u2019un des principaux instruments de la musique soufie turque, appel\u00e9 \u00e9galement \u00ab voix m\u00e9lancolique, nuage blanc \u00bb en perse, du fait de son timbre de complainte.<br \/>\nJusqu\u2019au XVIIIe si\u00e8cle, cet instrument qui date de \u2013 3800 avant J.C. \u00e9tait le seul instrument \u00e0 corde de la musique turque.<\/p>\n<h2><img loading=\"lazy\" decoding=\"async\" class=\"alignright\" src=\"http:\/\/jamesserre.com\/wp-content\/uploads\/2018\/01\/joueur-de-rebab-182x300.png\" alt=\"\" width=\"102\" height=\"168\" \/><\/h2>\n<p>Il a \u00e9t\u00e9 jou\u00e9 durant 400 ans par les Seldjoukides et pendant 600 ans par les Ottomans.<br \/>\nA partir du XVIIIe si\u00e8cle, le rab\u00e2b perd de son int\u00e9r\u00eat avec l\u2019arriv\u00e9e du violon europ\u00e9en, il serait en quelque sorte l\u2019anc\u00eatre du violon moderne.<\/p>\n<p>Il a \u00e9t\u00e9 r\u00e9introduit dans l\u2019ensemble de musique classique ottomane, par le ma\u00eetre Mehmet Refik Kaya, artiste au sein de la Communaut\u00e9 historique de la musique turque d\u2019Istanbul.<\/p>\n<p>&nbsp;<\/p>\n<h2 style=\"text-align: right;\">Le sant\u00fbr<\/h2>\n<p style=\"text-align: right;\"><img loading=\"lazy\" decoding=\"async\" class=\"alignright\" src=\"http:\/\/jamesserre.com\/wp-content\/uploads\/2018\/06\/santoor01.jpg\" alt=\"\" width=\"353\" height=\"235\" \/><\/p>\n<p style=\"text-align: right;\">Le sant\u00fbr est un instrument de musique persane, diffus\u00e9 dans tout le Moyen-Orient, appartenant \u00e0 la famille des cithares sur table.<br \/>\nIl s\u2019agit d\u2019un instrument \u00e0 cordes frapp\u00e9es, sans doute tr\u00e8s ancien (peut-\u00eatre assyrien selon certains auteurs contest\u00e9s) bien que les premi\u00e8res traces \u00e9crites ou picturales le repr\u00e9sentant sous sa forme actuelle ne datent que du XIIe si\u00e8cle.<br \/>\nMaintenu dans l\u2019ensemble de la Cour ottomane jusqu\u2019au XIXe si\u00e8cle, il f\u00fbt remplac\u00e9 sous le r\u00e8gne du sultan Abd\u00fclmecid par le cymbalum roumain <em>A la Franca<\/em>, qui se jouait surtout dans les cabarets de la communaut\u00e9 juive.<br \/>\nSon d\u00e9clin est quasiment parall\u00e8le \u00e0 l\u2019\u00e9mergence du syst\u00e8me musical moderne turc.<\/p>\n<h2 style=\"text-align: left;\">Le kemen\u00e7e<\/h2>\n<p style=\"text-align: right;\"><img loading=\"lazy\" decoding=\"async\" class=\"alignleft\" src=\"http:\/\/jamesserre.com\/wp-content\/uploads\/2018\/06\/politiki-lyra-kepem-09-1024x683.jpg\" alt=\"\" width=\"388\" height=\"258\" \/><\/p>\n<p style=\"text-align: left;\">Le kemen\u00e7e classique (<em>Klasik kemen\u00e7e<\/em>) ou <em>Armud\u00ee kemen\u00e7e<\/em> ou Politiki lyra (grec : \u03c0\u03bf\u03bb\u03af\u03c4\u03b9\u03ba\u03b7 \u03bb\u03cd\u03c1\u03b1, lyre de Constantinople) est un instrument en forme de poire. Le terme lyra d\u00e9rive du nom de la lyre grecque antique. Cet instrument \u00e9tait \u00e9galement jou\u00e9 \u00e0 l\u2019\u00e9poque m\u00e9di\u00e9vale et \u00e0 l\u2019\u00e9poque byzantine.<\/p>\n<p style=\"text-align: left;\">Avant d&#8217;\u00eatre utilis\u00e9 dans la musique classique ottomane, le kemen\u00e7e \u00e9tait jou\u00e9 dans la musique populaire grecque (style de Smyrne du <em>Rebetiko<\/em>). Il est ensuite devenu, au milieu du XIXe si\u00e8cle, le principal instrument \u00e0 archet de la musique classique ottomane.<\/p>\n<p style=\"text-align: left;\">Le nom kemen\u00e7e d\u00e9rive du <em>kem\u00e2n\u00e7e <\/em>persan, et signifie simplement \u00ab petit archet \u00bb.<\/p>\n<p style=\"text-align: left;\">\n","protected":false},"excerpt":{"rendered":"<p>Le ney Le ney (persan ou turc), est une fl\u00fbte oblique en roseau \u00e0 embouchure terminale en corne, originaire d\u2019Asie centrale, dont les plus anciennes formes datent de l\u2019\u00e2ge des pyramides (3000-2500 av. J.-C.). Depuis le XIIIe si\u00e8cle, si\u00e8cle de Mevlana fondateur de la confr\u00e9rie Mevlevi, le ney est devenu l\u2019instrument fondamental de la musique [&hellip;]<\/p>\n","protected":false},"author":1,"featured_media":0,"parent":0,"menu_order":0,"comment_status":"closed","ping_status":"closed","template":"","meta":{"_exactmetrics_skip_tracking":false,"_exactmetrics_sitenote_active":false,"_exactmetrics_sitenote_note":"","_exactmetrics_sitenote_category":0,"ocean_post_layout":"","ocean_both_sidebars_style":"","ocean_both_sidebars_content_width":0,"ocean_both_sidebars_sidebars_width":0,"ocean_sidebar":"0","ocean_second_sidebar":"0","ocean_disable_margins":"enable","ocean_add_body_class":"","ocean_shortcode_before_top_bar":"","ocean_shortcode_after_top_bar":"","ocean_shortcode_before_header":"","ocean_shortcode_after_header":"","ocean_has_shortcode":"","ocean_shortcode_after_title":"","ocean_shortcode_before_footer_widgets":"","ocean_shortcode_after_footer_widgets":"","ocean_shortcode_before_footer_bottom":"","ocean_shortcode_after_footer_bottom":"","ocean_display_top_bar":"default","ocean_display_header":"default","ocean_header_style":"","ocean_center_header_left_menu":"0","ocean_custom_header_template":"0","ocean_custom_logo":0,"ocean_custom_retina_logo":0,"ocean_custom_logo_max_width":0,"ocean_custom_logo_tablet_max_width":0,"ocean_custom_logo_mobile_max_width":0,"ocean_custom_logo_max_height":0,"ocean_custom_logo_tablet_max_height":0,"ocean_custom_logo_mobile_max_height":0,"ocean_header_custom_menu":"0","ocean_menu_typo_font_family":"0","ocean_menu_typo_font_subset":"","ocean_menu_typo_font_size":0,"ocean_menu_typo_font_size_tablet":0,"ocean_menu_typo_font_size_mobile":0,"ocean_menu_typo_font_size_unit":"px","ocean_menu_typo_font_weight":"","ocean_menu_typo_font_weight_tablet":"","ocean_menu_typo_font_weight_mobile":"","ocean_menu_typo_transform":"","ocean_menu_typo_transform_tablet":"","ocean_menu_typo_transform_mobile":"","ocean_menu_typo_line_height":0,"ocean_menu_typo_line_height_tablet":0,"ocean_menu_typo_line_height_mobile":0,"ocean_menu_typo_line_height_unit":"","ocean_menu_typo_spacing":0,"ocean_menu_typo_spacing_tablet":0,"ocean_menu_typo_spacing_mobile":0,"ocean_menu_typo_spacing_unit":"","ocean_menu_link_color":"","ocean_menu_link_color_hover":"","ocean_menu_link_color_active":"","ocean_menu_link_background":"","ocean_menu_link_hover_background":"","ocean_menu_link_active_background":"","ocean_menu_social_links_bg":"","ocean_menu_social_hover_links_bg":"","ocean_menu_social_links_color":"","ocean_menu_social_hover_links_color":"","ocean_disable_title":"default","ocean_disable_heading":"default","ocean_post_title":"","ocean_post_subheading":"","ocean_post_title_style":"","ocean_post_title_background_color":"","ocean_post_title_background":0,"ocean_post_title_bg_image_position":"","ocean_post_title_bg_image_attachment":"","ocean_post_title_bg_image_repeat":"","ocean_post_title_bg_image_size":"","ocean_post_title_height":0,"ocean_post_title_bg_overlay":0.5,"ocean_post_title_bg_overlay_color":"","ocean_disable_breadcrumbs":"default","ocean_breadcrumbs_color":"","ocean_breadcrumbs_separator_color":"","ocean_breadcrumbs_links_color":"","ocean_breadcrumbs_links_hover_color":"","ocean_display_footer_widgets":"default","ocean_display_footer_bottom":"default","ocean_custom_footer_template":"","footnotes":""},"class_list":["post-132","page","type-page","status-publish","hentry","entry"],"_links":{"self":[{"href":"http:\/\/jamesserre.com\/index.php\/wp-json\/wp\/v2\/pages\/132","targetHints":{"allow":["GET"]}}],"collection":[{"href":"http:\/\/jamesserre.com\/index.php\/wp-json\/wp\/v2\/pages"}],"about":[{"href":"http:\/\/jamesserre.com\/index.php\/wp-json\/wp\/v2\/types\/page"}],"author":[{"embeddable":true,"href":"http:\/\/jamesserre.com\/index.php\/wp-json\/wp\/v2\/users\/1"}],"replies":[{"embeddable":true,"href":"http:\/\/jamesserre.com\/index.php\/wp-json\/wp\/v2\/comments?post=132"}],"version-history":[{"count":52,"href":"http:\/\/jamesserre.com\/index.php\/wp-json\/wp\/v2\/pages\/132\/revisions"}],"predecessor-version":[{"id":622,"href":"http:\/\/jamesserre.com\/index.php\/wp-json\/wp\/v2\/pages\/132\/revisions\/622"}],"wp:attachment":[{"href":"http:\/\/jamesserre.com\/index.php\/wp-json\/wp\/v2\/media?parent=132"}],"curies":[{"name":"wp","href":"https:\/\/api.w.org\/{rel}","templated":true}]}}